{"id":361,"date":"2019-12-05T14:00:31","date_gmt":"2019-12-05T14:00:31","guid":{"rendered":"https:\/\/cortical.bilkent.edu.tr\/?page_id=361"},"modified":"2019-12-05T14:24:34","modified_gmt":"2019-12-05T14:24:34","slug":"people-2","status":"publish","type":"page","link":"https:\/\/cortical.bilkent.edu.tr\/index.php\/people-2\/","title":{"rendered":"Current Members"},"content":{"rendered":"<div class=\"tmm tmm_224\"><div class=\"tmm_3_columns tmm_wrap tmm_plugin_f\"><span class=\"tmm_two_containers_tablet\"><\/span><div class=\"tmm_container\"><div class=\"tmm_member\" style=\"border-top:#333333 solid 5px;\"><div class=\"tmm_photo tmm_pic_224_0\" style=\"background: url(https:\/\/cortical.bilkent.edu.tr\/wp-content\/uploads\/2019\/12\/Hulusi-K..png); margin-left: auto; margin-right:auto; background-size:cover !important;\"><\/div><div class=\"tmm_textblock\"><div class=\"tmm_names\"><span class=\"tmm_fname\">Hulusi<\/span> <span class=\"tmm_lname\">Kafal\u0131g\u00f6n\u00fcl<\/span><\/div><div class=\"tmm_job\">Principal Investigator<\/div><div class=\"tmm_desc\" style=\"text-align:\"><p>[ <a href=\"https:\/\/cortical.bilkent.edu.tr\/wp-content\/uploads\/2019\/12\/CV_HK-5.pdf\">CV<\/a>&nbsp;]<\/p><p><em>Phone:<\/em> +90 312 290 30 16<br><em>Email:<\/em> hulusi@bilkent.edu.tr<\/p><\/div><div class=\"tmm_scblock\"><\/div><\/div><\/div><div class=\"tmm_member\" style=\"border-top:#333333 solid 5px;\"><div class=\"tmm_photo tmm_pic_224_1\" style=\"background: url(https:\/\/cortical.bilkent.edu.tr\/wp-content\/uploads\/2019\/12\/hayriye.jpg); margin-left: auto; margin-right:auto; background-size:cover !important;\"><\/div><div class=\"tmm_textblock\"><div class=\"tmm_names\"><span class=\"tmm_fname\">Hayriye<\/span> <span class=\"tmm_lname\">Akta\u015f Din\u00e7er<\/span><\/div><div class=\"tmm_job\">Researcher<\/div><div class=\"tmm_desc\" style=\"text-align:\"><div><em>Assistant Professor, Ankara Medipol University<\/em><br><em>PhD, Biomedical Engineering, Middle East Technical University<\/em><br><em>MS, Biomedical Engineering, Middle East Technical University<\/em><br><em>BS, Electrical and Electronics Engineering, Erciyes University<\/em><\/div><div>&nbsp;<\/div><div><em>Email:<\/em> aktashayriye@gmail.com<\/div><\/div><div class=\"tmm_scblock\"><\/div><\/div><\/div><span class=\"tmm_two_containers_tablet\"><\/span><div class=\"tmm_member\" style=\"border-top:#333333 solid 5px;\"><div class=\"tmm_photo tmm_pic_224_2\" style=\"background: url(https:\/\/cortical.bilkent.edu.tr\/wp-content\/uploads\/2019\/12\/ilkem.jpg); margin-left: auto; margin-right:auto; background-size:cover !important;\"><\/div><div class=\"tmm_textblock\"><div class=\"tmm_names\"><span class=\"tmm_fname\">\u0130lkem<\/span> <span class=\"tmm_lname\">G\u00fczel<\/span><\/div><div class=\"tmm_job\">Postdoctoral Researcher (N\u00d6ROM)<\/div><div class=\"tmm_desc\" style=\"text-align:\"><p><em>PhD, Physical Therapy and Rehabilitation, Hacettepe University<\/em><br><em>MS, Physical Therapy and Rehabilitation, Hacettepe University<\/em><br><em>BS, Physical Therapy and Rehabilitation, Afyon Kocatepe University<\/em><br><br><em>Email<\/em>: ilkemguzel@gmail.com<\/p><\/div><div class=\"tmm_scblock\"><\/div><\/div><\/div><\/div><span class=\"tmm_columns_containers_desktop\"><\/span><div class=\"tmm_container\"><div class=\"tmm_member\" style=\"border-top:#333333 solid 5px;\"><div class=\"tmm_photo tmm_pic_224_3\" style=\"background: url(https:\/\/cortical.bilkent.edu.tr\/wp-content\/uploads\/2019\/12\/lab-profile-scaled.jpg); margin-left: auto; margin-right:auto; background-size:cover !important;\"><\/div><div class=\"tmm_textblock\"><div class=\"tmm_names\"><span class=\"tmm_fname\">\u0130rem<\/span> <span class=\"tmm_lname\">Akdo\u011fan<\/span><\/div><div class=\"tmm_job\">Postdoctoral Researcher<\/div><div class=\"tmm_desc\" style=\"text-align:\"><p><em>PhD, Neuroscience, Bilkent University<br>MS, Neuroscience, Bilkent University<br>BS, Computer Engineering, Bilkent University<\/em><\/p><p><em>Email:<\/em> irem.herguner@bilkent.edu.tr<\/p><\/div><div class=\"tmm_scblock\"><\/div><\/div><\/div><span class=\"tmm_two_containers_tablet\"><\/span><div class=\"tmm_member\" style=\"border-top:#333333 solid 5px;\"><div class=\"tmm_photo tmm_pic_224_4\" style=\"background: url(https:\/\/cortical.bilkent.edu.tr\/wp-content\/uploads\/2019\/12\/Afife-K..jpeg); margin-left: auto; margin-right:auto; background-size:cover !important;\"><\/div><div class=\"tmm_textblock\"><div class=\"tmm_names\"><span class=\"tmm_fname\">Afife<\/span> <span class=\"tmm_lname\">T\u00fcrker<\/span><\/div><div class=\"tmm_job\">PhD Candidate<\/div><div class=\"tmm_desc\" style=\"text-align:\"><p><em>PhD Candidate, Neuroscience, Bilkent University<\/em><br><em>MS, Neuroscience, Bilkent University<br>BS, Mathematics, TOBB University of Economics and Technology<br>BA, Psychology, TOBB University of Economics and Technology<\/em><\/p><p><em>Email:<\/em> afife.konyali@bilkent.edu.tr<\/p><\/div><div class=\"tmm_scblock\"><\/div><\/div><\/div><div class=\"tmm_member\" style=\"border-top:#333333 solid 5px;\"><div class=\"tmm_photo tmm_pic_224_5\" style=\"background: url(https:\/\/cortical.bilkent.edu.tr\/wp-content\/uploads\/2019\/12\/Beril-Simay-U\u0308ner.jpeg); margin-left: auto; margin-right:auto; background-size:cover !important;\"><\/div><div class=\"tmm_textblock\"><div class=\"tmm_names\"><span class=\"tmm_fname\">Beril Simay<\/span> <span class=\"tmm_lname\">\u00dcner<\/span><\/div><div class=\"tmm_job\">PhD Candidate<\/div><div class=\"tmm_desc\" style=\"text-align:\"><p><em>PhD Candidate, Neuroscience, Bilkent University<br>BS, Molecular Biology and Genetics, Koc University<br>BA, Psychology, Koc University<\/em><\/p><p><em>Email<\/em>: simay.uner@bilkent.edu.tr<\/p><\/div><div class=\"tmm_scblock\"><\/div><\/div><\/div><span class=\"tmm_two_containers_tablet\"><\/span><\/div><span class=\"tmm_columns_containers_desktop\"><\/span><div class=\"tmm_container\"><div class=\"tmm_member\" style=\"border-top:#333333 solid 5px;\"><div class=\"tmm_photo tmm_pic_224_6\" style=\"background: url(https:\/\/cortical.bilkent.edu.tr\/wp-content\/uploads\/2019\/12\/sude-ozkan-1-e1669745625508.jpeg); margin-left: auto; margin-right:auto; background-size:cover !important;\"><\/div><div class=\"tmm_textblock\"><div class=\"tmm_names\"><span class=\"tmm_fname\">Sudenur<\/span> <span class=\"tmm_lname\">\u00d6zkan<\/span><\/div><div class=\"tmm_job\">PhD Candidate<\/div><div class=\"tmm_desc\" style=\"text-align:\"><p><em>PhD Candidate, Neuroscience, Bilkent University<br>BA, Psychology, TOBB University of Economics and Technology<\/em><\/p><p><em>Email<\/em>: sudozkan@gmail.com<\/p><\/div><div class=\"tmm_scblock\"><\/div><\/div><\/div><div class=\"tmm_member\" style=\"border-top:#333333 solid 5px;\"><div class=\"tmm_photo tmm_pic_224_7\" style=\"background: url(https:\/\/cortical.bilkent.edu.tr\/wp-content\/uploads\/2019\/12\/bu\u0308s\u0327ra-so\u0308yleme-karakus\u0327-.jpeg); margin-left: auto; margin-right:auto; background-size:cover !important;\"><\/div><div class=\"tmm_textblock\"><div class=\"tmm_names\"><span class=\"tmm_fname\">B\u00fc\u015fra<\/span> <span class=\"tmm_lname\">S\u00f6ylemez Karaku\u015f<\/span><\/div><div class=\"tmm_job\">PhD Candidate<\/div><div class=\"tmm_desc\" style=\"text-align:\"><p><em>PhD Candidate, Neuroscience, Bilkent University<\/em><br><em>Residency in Psychiatry, Ufuk University<\/em><br><em>MD, School of Medicine, Hacettepe University<\/em><\/p><p><em>Email: <\/em>busra.soylemez@bilkent.edu.tr<\/p><\/div><div class=\"tmm_scblock\"><\/div><\/div><\/div><span class=\"tmm_two_containers_tablet\"><\/span><div class=\"tmm_member\" style=\"border-top:#333333 solid 5px;\"><div class=\"tmm_photo tmm_pic_224_8\" style=\"background: url(https:\/\/cortical.bilkent.edu.tr\/wp-content\/uploads\/2019\/12\/mustafa.jpg); margin-left: auto; margin-right:auto; background-size:cover !important;\"><\/div><div class=\"tmm_textblock\"><div class=\"tmm_names\"><span class=\"tmm_fname\">Mustafa<\/span> <span class=\"tmm_lname\">\u00d6zayd\u0131n<\/span><\/div><div class=\"tmm_job\">PhD Candidate (N\u00d6ROM)<\/div><div class=\"tmm_desc\" style=\"text-align:\"><p><em>PhD Candidate, Cognitive Science, Middle East Technical University<\/em><br><em>MS, Cognitive Science, Middle East Technical University<\/em><br><em>BS, Psychology, Middle East Technical University<\/em><\/p><p><em>Email: <\/em>mustafa.ozaydin@metu.edu.tr<em><br><\/em><\/p><\/div><div class=\"tmm_scblock\"><\/div><\/div><\/div><\/div><span class=\"tmm_columns_containers_desktop\"><\/span><div class=\"tmm_container\"><div class=\"tmm_member\" style=\"border-top:#333333 solid 5px;\"><div class=\"tmm_photo tmm_pic_224_9\" style=\"background: url(https:\/\/cortical.bilkent.edu.tr\/wp-content\/uploads\/2019\/12\/kaan-berk.jpeg); margin-left: auto; margin-right:auto; background-size:cover !important;\"><\/div><div class=\"tmm_textblock\"><div class=\"tmm_names\"><span class=\"tmm_fname\">Kaan Berk<\/span> <span class=\"tmm_lname\">Ta\u00e7<\/span><\/div><div class=\"tmm_job\">MS Student (N\u00d6ROM)<\/div><div class=\"tmm_desc\" style=\"text-align:\"><p><em>MS Student, Cognitive Science, Middle East Technical University<\/em><br><em>BA, Psychology, TOBB University of Economics and Technology<\/em><\/p><p><em>Email: <\/em>kaantac97@gmail.com<\/p><\/div><div class=\"tmm_scblock\"><\/div><\/div><\/div><span class=\"tmm_two_containers_tablet\"><\/span><div class=\"tmm_member\" style=\"border-top:#333333 solid 5px;\"><div class=\"tmm_photo tmm_pic_224_10\" style=\"background: url(https:\/\/cortical.bilkent.edu.tr\/wp-content\/uploads\/2019\/12\/eylem.jpeg); margin-left: auto; margin-right:auto; background-size:cover !important;\"><\/div><div class=\"tmm_textblock\"><div class=\"tmm_names\"><span class=\"tmm_fname\">Ekin Eylem<\/span> <span class=\"tmm_lname\">\u00c7akmak<\/span><\/div><div class=\"tmm_job\">MS Student (N\u00d6ROM)<\/div><div class=\"tmm_desc\" style=\"text-align:\"><p><em>MS Student, Cognitive Science, Middle East Technical University<\/em><br><em>BS, Psychology, Middle East Technical University<\/em><\/p><p><em>Email: <\/em>ekineylemcakmak@gmail.com&nbsp;<\/p><\/div><div class=\"tmm_scblock\"><\/div><\/div><\/div><div class=\"tmm_member\" style=\"border-top:#333333 solid 5px;\"><div class=\"tmm_photo tmm_pic_224_11\" style=\"background: url(https:\/\/cortical.bilkent.edu.tr\/wp-content\/uploads\/2019\/12\/dilara-.jpeg); margin-left: auto; margin-right:auto; background-size:cover !important;\"><\/div><div class=\"tmm_textblock\"><div class=\"tmm_names\"><span class=\"tmm_fname\">Dilara<\/span> <span class=\"tmm_lname\">Nair<\/span><\/div><div class=\"tmm_job\">Graduate Researcher<\/div><div class=\"tmm_desc\" style=\"text-align:\"><p><em>MS Student, Advanced Neurological Science, \u0130stanbul University<\/em><br><em>BS, Psychology, Ankara Y\u0131ld\u0131r\u0131m Beyaz\u0131t University<\/em><\/p><p><em>Email: <\/em>nurdilaranair@gmail.com<\/p><\/div><div class=\"tmm_scblock\"><\/div><\/div><\/div><span class=\"tmm_two_containers_tablet\"><\/span><\/div><span class=\"tmm_columns_containers_desktop\"><\/span><div class=\"tmm_container\"><div class=\"tmm_member\" style=\"border-top:#333333 solid 5px;\"><div class=\"tmm_photo tmm_pic_224_12\" style=\"background: url(https:\/\/cortical.bilkent.edu.tr\/wp-content\/uploads\/2019\/12\/WhatsApp-Image-2026-03-25-at-16.53.36.jpeg); margin-left: auto; margin-right:auto; background-size:cover !important;\"><\/div><div class=\"tmm_textblock\"><div class=\"tmm_names\"><span class=\"tmm_fname\">Selin<\/span> <span class=\"tmm_lname\">Efe<\/span><\/div><div class=\"tmm_job\">Graduate Researcher<\/div><div class=\"tmm_desc\" style=\"text-align:\"><p><em>BS, Psychology, Middle East Technical University<\/em><\/p><p><em>Email: <\/em>selnefe2003@gmail.com<\/p><\/div><div class=\"tmm_scblock\"><\/div><\/div><\/div><div class=\"tmm_member\" style=\"border-top:#333333 solid 5px;\"><div class=\"tmm_photo tmm_pic_224_13\" style=\"background: url(https:\/\/cortical.bilkent.edu.tr\/wp-content\/uploads\/2019\/12\/omer.jpg); margin-left: auto; margin-right:auto; background-size:cover !important;\"><\/div><div class=\"tmm_textblock\"><div class=\"tmm_names\"><span class=\"tmm_fname\">\u00d6mer Enes<\/span> <span class=\"tmm_lname\">Akg\u00fcn<\/span><\/div><div class=\"tmm_job\">Undergraduate Researcher<\/div><div class=\"tmm_desc\" style=\"text-align:\"><p><em>Department of Electrical and Electronics Engineering, Middle East Technical University<\/em><\/p><p><em>Email:&nbsp;<\/em>omerenesakgun@gmail.com<\/p><\/div><div class=\"tmm_scblock\"><\/div><\/div><\/div><span class=\"tmm_two_containers_tablet\"><\/span><div class=\"tmm_member\" style=\"border-top:#333333 solid 5px;\"><div class=\"tmm_photo tmm_pic_224_14\" style=\"background: url(https:\/\/cortical.bilkent.edu.tr\/wp-content\/uploads\/2019\/12\/meric\u0327.jpeg); margin-left: auto; margin-right:auto; background-size:cover !important;\"><\/div><div class=\"tmm_textblock\"><div class=\"tmm_names\"><span class=\"tmm_fname\">Meri\u00e7<\/span> <span class=\"tmm_lname\">Y\u0131ld\u0131r\u0131m<\/span><\/div><div class=\"tmm_job\">Undergraduate Researcher<\/div><div class=\"tmm_desc\" style=\"text-align:\"><p><em>Psychology Department, TED University<\/em><\/p><p><em>Email: <\/em>meric.yildirim@tedu.edu.tr<\/p><\/div><div class=\"tmm_scblock\"><\/div><\/div><\/div><\/div><span class=\"tmm_columns_containers_desktop\"><\/span><div class=\"tmm_container\"><div class=\"tmm_member\" style=\"border-top:#333333 solid 5px;\"><div class=\"tmm_photo tmm_pic_224_15\" style=\"background: url(https:\/\/cortical.bilkent.edu.tr\/wp-content\/uploads\/2019\/12\/WhatsApp-Image-2026-04-01-at-16.07.44.jpeg); margin-left: auto; margin-right:auto; background-size:cover !important;\"><\/div><div class=\"tmm_textblock\"><div class=\"tmm_names\"><span class=\"tmm_fname\">Zeynep Berra<\/span> <span class=\"tmm_lname\">Akmercan<\/span><\/div><div class=\"tmm_job\">Undergraduate Researcher<\/div><div class=\"tmm_desc\" style=\"text-align:\"><p><em>Psychology, Middle East Technical University<\/em><\/p><p><em>Email: akmercan.zeynep@metu.edu.tr<\/em><\/p><\/div><div class=\"tmm_scblock\"><\/div><\/div><\/div><div style=\"clear:both;\"><\/div><\/div><\/div><\/div>\n","protected":false},"excerpt":{"rendered":"<div class=\"mh-excerpt\"><\/div>","protected":false},"author":1,"featured_media":0,"parent":0,"menu_order":0,"comment_status":"closed","ping_status":"closed","template":"template-full.php","meta":{"ngg_post_thumbnail":0},"_links":{"self":[{"href":"https:\/\/cortical.bilkent.edu.tr\/index.php\/wp-json\/wp\/v2\/pages\/361"}],"collection":[{"href":"https:\/\/cortical.bilkent.edu.tr\/index.php\/wp-json\/wp\/v2\/pages"}],"about":[{"href":"https:\/\/cortical.bilkent.edu.tr\/index.php\/wp-json\/wp\/v2\/types\/page"}],"author":[{"embeddable":true,"href":"https:\/\/cortical.bilkent.edu.tr\/index.php\/wp-json\/wp\/v2\/users\/1"}],"replies":[{"embeddable":true,"href":"https:\/\/cortical.bilkent.edu.tr\/index.php\/wp-json\/wp\/v2\/comments?post=361"}],"version-history":[{"count":3,"href":"https:\/\/cortical.bilkent.edu.tr\/index.php\/wp-json\/wp\/v2\/pages\/361\/revisions"}],"predecessor-version":[{"id":383,"href":"https:\/\/cortical.bilkent.edu.tr\/index.php\/wp-json\/wp\/v2\/pages\/361\/revisions\/383"}],"wp:attachment":[{"href":"https:\/\/cortical.bilkent.edu.tr\/index.php\/wp-json\/wp\/v2\/media?parent=361"}],"curies":[{"name":"wp","href":"https:\/\/api.w.org\/{rel}","templated":true}]}}